{"id":2039,"date":"2026-03-07T00:02:23","date_gmt":"2026-03-06T23:02:23","guid":{"rendered":"https:\/\/loirevalleyfoodtour.capitaine.site\/?page_id=2039"},"modified":"2026-03-07T00:07:03","modified_gmt":"2026-03-06T23:07:03","slug":"book","status":"publish","type":"page","link":"https:\/\/loirevalleyfoodtour.fr\/en\/reserver\/","title":{"rendered":"Book"},"content":{"rendered":"<div data-elementor-type=\"wp-page\" data-elementor-id=\"2039\" class=\"elementor elementor-2039\" data-elementor-post-type=\"page\">\n\t\t\t\t<div class=\"elementor-element elementor-element-e06c5c9 e-flex e-con-boxed e-con e-parent\" data-id=\"e06c5c9\" data-element_type=\"container\" data-e-type=\"container\" data-settings=\"{&quot;background_background&quot;:&quot;classic&quot;}\">\n\t\t\t\t\t<div class=\"e-con-inner\">\n\t\t<div class=\"elementor-element elementor-element-bcf50d6 e-con-full e-flex e-con e-child\" data-id=\"bcf50d6\" data-element_type=\"container\" data-e-type=\"container\">\n\t\t\t\t<div class=\"elementor-element elementor-element-02abc64 elementor-widget elementor-widget-heading\" data-id=\"02abc64\" data-element_type=\"widget\" data-e-type=\"widget\" data-widget_type=\"heading.default\">\n\t\t\t\t\t<h1 class=\"elementor-heading-title elementor-size-default\">Book your culinary experience<\/h1>\t\t\t\t<\/div>\n\t\t\t\t<\/div>\n\t\t\t\t\t<\/div>\n\t\t\t\t<\/div>\n\t\t<div class=\"elementor-element elementor-element-68b44e8 e-flex e-con-boxed e-con e-parent\" data-id=\"68b44e8\" data-element_type=\"container\" data-e-type=\"container\">\n\t\t\t\t\t<div class=\"e-con-inner\">\n\t\t<div class=\"elementor-element elementor-element-91205e7 e-con-full e-flex e-con e-child\" data-id=\"91205e7\" data-element_type=\"container\" data-e-type=\"container\">\n\t\t\t\t<div class=\"elementor-element elementor-element-4a8d0bb elementor-widget elementor-widget-heading\" data-id=\"4a8d0bb\" data-element_type=\"widget\" data-e-type=\"widget\" data-widget_type=\"heading.default\">\n\t\t\t\t\t<span class=\"elementor-heading-title elementor-size-default\">your culinary experience<\/span>\t\t\t\t<\/div>\n\t\t\t\t<div class=\"elementor-element elementor-element-c73c2ff elementor-widget elementor-widget-heading\" data-id=\"c73c2ff\" data-element_type=\"widget\" data-e-type=\"widget\" data-widget_type=\"heading.default\">\n\t\t\t\t\t<h2 class=\"elementor-heading-title elementor-size-default\">Choose from our gastronomic experiences in the Loire Valley<\/h2>\t\t\t\t<\/div>\n\t\t\t\t<\/div>\n\t\t<div class=\"elementor-element elementor-element-6e40a32 e-con-full e-grid e-con e-child\" data-id=\"6e40a32\" data-element_type=\"container\" data-e-type=\"container\">\n\t\t<div class=\"elementor-element elementor-element-1968dca e-con-full e-flex e-con e-child\" data-id=\"1968dca\" data-element_type=\"container\" data-e-type=\"container\">\n\t\t\t\t<div class=\"elementor-element elementor-element-b6972c0 elementor-widget elementor-widget-image\" data-id=\"b6972c0\" data-element_type=\"widget\" data-e-type=\"widget\" data-widget_type=\"image.default\">\n\t\t\t\t\t\t\t\t\t\t\t\t\t\t\t<img fetchpriority=\"high\" decoding=\"async\" width=\"683\" height=\"1024\" src=\"https:\/\/loirevalleyfoodtour.fr\/wp-content\/uploads\/2025\/12\/chef_-ride-4-683x1024.webp\" class=\"attachment-large size-large wp-image-727\" alt=\"\" srcset=\"https:\/\/loirevalleyfoodtour.fr\/wp-content\/uploads\/2025\/12\/chef_-ride-4-683x1024.webp 683w, https:\/\/loirevalleyfoodtour.fr\/wp-content\/uploads\/2025\/12\/chef_-ride-4-200x300.webp 200w, https:\/\/loirevalleyfoodtour.fr\/wp-content\/uploads\/2025\/12\/chef_-ride-4-768x1152.webp 768w, https:\/\/loirevalleyfoodtour.fr\/wp-content\/uploads\/2025\/12\/chef_-ride-4-1024x1536.webp 1024w, https:\/\/loirevalleyfoodtour.fr\/wp-content\/uploads\/2025\/12\/chef_-ride-4-1366x2048.webp 1366w, https:\/\/loirevalleyfoodtour.fr\/wp-content\/uploads\/2025\/12\/chef_-ride-4.webp 1667w\" sizes=\"(max-width: 683px) 100vw, 683px\" \/>\t\t\t\t\t\t\t\t\t\t\t\t\t\t\t<\/div>\n\t\t<div class=\"elementor-element elementor-element-564e336 e-con-full e-flex e-con e-child\" data-id=\"564e336\" data-element_type=\"container\" data-e-type=\"container\" data-settings=\"{&quot;background_background&quot;:&quot;classic&quot;}\">\n\t\t\t\t<div class=\"elementor-element elementor-element-d64e62e elementor-widget elementor-widget-heading\" data-id=\"d64e62e\" data-element_type=\"widget\" data-e-type=\"widget\" data-widget_type=\"heading.default\">\n\t\t\t\t\t<p class=\"elementor-heading-title elementor-size-default\">Food Tour<\/p>\t\t\t\t<\/div>\n\t\t\t\t<div class=\"elementor-element elementor-element-34abd5d btnWhite elementor-widget elementor-widget-button\" data-id=\"34abd5d\" data-element_type=\"widget\" data-e-type=\"widget\" data-widget_type=\"button.default\">\n\t\t\t\t\t\t\t\t\t\t<a class=\"elementor-button elementor-button-link elementor-size-sm\" href=\"https:\/\/loirevalleyfoodtour.fr\/en\/reserver\/reservation-circuit-gourmand-pique-nique\/\">\n\t\t\t\t\t\t<span class=\"elementor-button-content-wrapper\">\n\t\t\t\t\t\t\t\t\t<span class=\"elementor-button-text\">Book<\/span>\n\t\t\t\t\t<\/span>\n\t\t\t\t\t<\/a>\n\t\t\t\t\t\t\t\t<\/div>\n\t\t\t\t<\/div>\n\t\t\t\t<\/div>\n\t\t<div class=\"elementor-element elementor-element-c2c46aa e-con-full e-flex e-con e-child\" data-id=\"c2c46aa\" data-element_type=\"container\" data-e-type=\"container\">\n\t\t\t\t<div class=\"elementor-element elementor-element-a29625d elementor-widget elementor-widget-image\" data-id=\"a29625d\" data-element_type=\"widget\" data-e-type=\"widget\" data-widget_type=\"image.default\">\n\t\t\t\t\t\t\t\t\t\t\t\t\t\t\t<img decoding=\"async\" width=\"800\" height=\"534\" src=\"https:\/\/loirevalleyfoodtour.fr\/wp-content\/uploads\/2025\/12\/chef_-ride-54-1024x683.webp\" class=\"attachment-large size-large wp-image-169\" alt=\"\" srcset=\"https:\/\/loirevalleyfoodtour.fr\/wp-content\/uploads\/2025\/12\/chef_-ride-54-1024x683.webp 1024w, https:\/\/loirevalleyfoodtour.fr\/wp-content\/uploads\/2025\/12\/chef_-ride-54-300x200.webp 300w, https:\/\/loirevalleyfoodtour.fr\/wp-content\/uploads\/2025\/12\/chef_-ride-54-768x512.webp 768w, https:\/\/loirevalleyfoodtour.fr\/wp-content\/uploads\/2025\/12\/chef_-ride-54-1536x1024.webp 1536w, https:\/\/loirevalleyfoodtour.fr\/wp-content\/uploads\/2025\/12\/chef_-ride-54.webp 1920w\" sizes=\"(max-width: 800px) 100vw, 800px\" \/>\t\t\t\t\t\t\t\t\t\t\t\t\t\t\t<\/div>\n\t\t<div class=\"elementor-element elementor-element-b7fdc5c e-con-full e-flex e-con e-child\" data-id=\"b7fdc5c\" data-element_type=\"container\" data-e-type=\"container\" data-settings=\"{&quot;background_background&quot;:&quot;classic&quot;}\">\n\t\t\t\t<div class=\"elementor-element elementor-element-b11388c elementor-widget elementor-widget-heading\" data-id=\"b11388c\" data-element_type=\"widget\" data-e-type=\"widget\" data-widget_type=\"heading.default\">\n\t\t\t\t\t<p class=\"elementor-heading-title elementor-size-default\">Culinary workshop<\/p>\t\t\t\t<\/div>\n\t\t\t\t<div class=\"elementor-element elementor-element-6477841 btnWhite elementor-widget elementor-widget-button\" data-id=\"6477841\" data-element_type=\"widget\" data-e-type=\"widget\" data-widget_type=\"button.default\">\n\t\t\t\t\t\t\t\t\t\t<a class=\"elementor-button elementor-button-link elementor-size-sm\" href=\"https:\/\/loirevalleyfoodtour.fr\/en\/reserver\/reservation-atelier-culinaire-repas\/\">\n\t\t\t\t\t\t<span class=\"elementor-button-content-wrapper\">\n\t\t\t\t\t\t\t\t\t<span class=\"elementor-button-text\">Book<\/span>\n\t\t\t\t\t<\/span>\n\t\t\t\t\t<\/a>\n\t\t\t\t\t\t\t\t<\/div>\n\t\t\t\t<\/div>\n\t\t\t\t<\/div>\n\t\t<div class=\"elementor-element elementor-element-f318500 e-con-full e-flex e-con e-child\" data-id=\"f318500\" data-element_type=\"container\" data-e-type=\"container\">\n\t\t\t\t<div class=\"elementor-element elementor-element-a6b5af8 elementor-widget elementor-widget-image\" data-id=\"a6b5af8\" data-element_type=\"widget\" data-e-type=\"widget\" data-widget_type=\"image.default\">\n\t\t\t\t\t\t\t\t\t\t\t\t\t\t\t<img decoding=\"async\" width=\"800\" height=\"1000\" src=\"https:\/\/loirevalleyfoodtour.fr\/wp-content\/uploads\/2025\/12\/POULET-COCO-819x1024.jpg\" class=\"attachment-large size-large wp-image-776\" alt=\"\" srcset=\"https:\/\/loirevalleyfoodtour.fr\/wp-content\/uploads\/2025\/12\/POULET-COCO-819x1024.jpg 819w, https:\/\/loirevalleyfoodtour.fr\/wp-content\/uploads\/2025\/12\/POULET-COCO-240x300.jpg 240w, https:\/\/loirevalleyfoodtour.fr\/wp-content\/uploads\/2025\/12\/POULET-COCO-768x960.jpg 768w, https:\/\/loirevalleyfoodtour.fr\/wp-content\/uploads\/2025\/12\/POULET-COCO.jpg 1080w\" sizes=\"(max-width: 800px) 100vw, 800px\" \/>\t\t\t\t\t\t\t\t\t\t\t\t\t\t\t<\/div>\n\t\t<div class=\"elementor-element elementor-element-2c93490 e-con-full e-flex e-con e-child\" data-id=\"2c93490\" data-element_type=\"container\" data-e-type=\"container\" data-settings=\"{&quot;background_background&quot;:&quot;classic&quot;}\">\n\t\t\t\t<div class=\"elementor-element elementor-element-77d2fae elementor-widget elementor-widget-heading\" data-id=\"77d2fae\" data-element_type=\"widget\" data-e-type=\"widget\" data-widget_type=\"heading.default\">\n\t\t\t\t\t<p class=\"elementor-heading-title elementor-size-default\">Home Private Chef<\/p>\t\t\t\t<\/div>\n\t\t\t\t<div class=\"elementor-element elementor-element-2d443db btnWhite elementor-widget elementor-widget-button\" data-id=\"2d443db\" data-element_type=\"widget\" data-e-type=\"widget\" data-widget_type=\"button.default\">\n\t\t\t\t\t\t\t\t\t\t<a class=\"elementor-button elementor-button-link elementor-size-sm\" href=\"https:\/\/loirevalleyfoodtour.fr\/en\/reserver\/reservation-cheffe-privee\/\">\n\t\t\t\t\t\t<span class=\"elementor-button-content-wrapper\">\n\t\t\t\t\t\t\t\t\t<span class=\"elementor-button-text\">Book<\/span>\n\t\t\t\t\t<\/span>\n\t\t\t\t\t<\/a>\n\t\t\t\t\t\t\t\t<\/div>\n\t\t\t\t<\/div>\n\t\t\t\t<\/div>\n\t\t\t\t<\/div>\n\t\t\t\t\t<\/div>\n\t\t\t\t<\/div>\n\t\t\t\t<\/div>","protected":false},"excerpt":{"rendered":"<p>R\u00e9server votre exp\u00e9rience culinaire votre exp\u00e9rience culinaire Choisissez parmi nos exp\u00e9riences gastronomiques en Vall\u00e9e de la Loire Circuit Gourmand (Food Tour) R\u00e9server Atelier Culinaire R\u00e9server Cheffe Priv\u00e9e \u00e0 Domicile R\u00e9server<\/p>","protected":false},"author":1,"featured_media":0,"parent":0,"menu_order":0,"comment_status":"closed","ping_status":"closed","template":"","meta":{"footnotes":""},"class_list":["post-2039","page","type-page","status-publish","hentry"],"_links":{"self":[{"href":"https:\/\/loirevalleyfoodtour.fr\/en\/wp-json\/wp\/v2\/pages\/2039","targetHints":{"allow":["GET"]}}],"collection":[{"href":"https:\/\/loirevalleyfoodtour.fr\/en\/wp-json\/wp\/v2\/pages"}],"about":[{"href":"https:\/\/loirevalleyfoodtour.fr\/en\/wp-json\/wp\/v2\/types\/page"}],"author":[{"embeddable":true,"href":"https:\/\/loirevalleyfoodtour.fr\/en\/wp-json\/wp\/v2\/users\/1"}],"replies":[{"embeddable":true,"href":"https:\/\/loirevalleyfoodtour.fr\/en\/wp-json\/wp\/v2\/comments?post=2039"}],"version-history":[{"count":4,"href":"https:\/\/loirevalleyfoodtour.fr\/en\/wp-json\/wp\/v2\/pages\/2039\/revisions"}],"predecessor-version":[{"id":2043,"href":"https:\/\/loirevalleyfoodtour.fr\/en\/wp-json\/wp\/v2\/pages\/2039\/revisions\/2043"}],"wp:attachment":[{"href":"https:\/\/loirevalleyfoodtour.fr\/en\/wp-json\/wp\/v2\/media?parent=2039"}],"curies":[{"name":"wp","href":"https:\/\/api.w.org\/{rel}","templated":true}]}}